{"id":13571,"date":"2021-11-04T17:37:10","date_gmt":"2021-11-04T15:37:10","guid":{"rendered":"https:\/\/xplorator-adventures.com\/intretinere\/"},"modified":"2024-04-02T09:59:44","modified_gmt":"2024-04-02T06:59:44","slug":"intretinere","status":"publish","type":"page","link":"https:\/\/xplorator-adventures.com\/ro\/intretinere\/","title":{"rendered":"\u00centre\u021binere"},"content":{"rendered":"\t\t<div data-elementor-type=\"wp-page\" data-elementor-id=\"13571\" class=\"elementor elementor-13571 elementor-8868\" data-elementor-post-type=\"page\">\n\t\t\t\t\t\t<section class=\"elementor-section elementor-top-section elementor-element elementor-element-436d549c elementor-section-content-middle elementor-section-height-full elementor-section-full_width elementor-hidden-mobile elementor-section-height-default elementor-section-items-middle\" data-id=\"436d549c\" data-element_type=\"section\" data-settings=\"{&quot;background_background&quot;:&quot;classic&quot;}\">\n\t\t\t\t\t\t\t<div class=\"elementor-background-overlay\"><\/div>\n\t\t\t\t\t\t\t<div class=\"elementor-container elementor-column-gap-no\">\n\t\t\t\t\t<div class=\"elementor-column elementor-col-100 elementor-top-column elementor-element elementor-element-31a1e9c4 elementor-hidden-phone\" data-id=\"31a1e9c4\" data-element_type=\"column\">\n\t\t\t<div class=\"elementor-widget-wrap elementor-element-populated\">\n\t\t\t\t\t\t<div class=\"elementor-element elementor-element-36ae10d elementor-tablet-align-center elementor-align-center elementor-widget elementor-widget-button\" data-id=\"36ae10d\" data-element_type=\"widget\" data-widget_type=\"button.default\">\n\t\t\t\t<div class=\"elementor-widget-container\">\n\t\t\t\t\t\t\t<div class=\"elementor-button-wrapper\">\n\t\t\t\t\t<a class=\"elementor-button elementor-button-link elementor-size-sm\" href=\"https:\/\/xplorator-adventures.com\/ro\/\">\n\t\t\t\t\t\t<span class=\"elementor-button-content-wrapper\">\n\t\t\t\t\t\t\t\t\t<span class=\"elementor-button-text\">\u00cenapoi acas\u0103<\/span>\n\t\t\t\t\t<\/span>\n\t\t\t\t\t<\/a>\n\t\t\t\t<\/div>\n\t\t\t\t\t\t<\/div>\n\t\t\t\t<\/div>\n\t\t\t\t\t<\/div>\n\t\t<\/div>\n\t\t\t\t\t<\/div>\n\t\t<\/section>\n\t\t\t\t<section class=\"elementor-section elementor-top-section elementor-element elementor-element-27d61f9 elementor-section-full_width elementor-section-height-full elementor-section-content-middle elementor-hidden-widescreen elementor-hidden-desktop elementor-hidden-tablet elementor-section-height-default elementor-section-items-middle\" data-id=\"27d61f9\" data-element_type=\"section\">\n\t\t\t\t\t\t<div class=\"elementor-container elementor-column-gap-no\">\n\t\t\t\t\t<div class=\"elementor-column elementor-col-100 elementor-top-column elementor-element elementor-element-e383b06\" data-id=\"e383b06\" data-element_type=\"column\">\n\t\t\t<div class=\"elementor-widget-wrap elementor-element-populated\">\n\t\t\t\t\t\t<div class=\"elementor-element elementor-element-c34f1da elementor-widget elementor-widget-image\" data-id=\"c34f1da\" data-element_type=\"widget\" data-widget_type=\"image.default\">\n\t\t\t\t<div class=\"elementor-widget-container\">\n\t\t\t\t\t\t\t\t\t\t\t\t\t<img fetchpriority=\"high\" decoding=\"async\" width=\"370\" height=\"800\" src=\"https:\/\/xplorator-adventures.com\/wp-content\/uploads\/2023\/01\/mlanding-smp-370x800.jpg\" class=\"attachment-large size-large wp-image-8880\" alt=\"\" srcset=\"https:\/\/xplorator-adventures.com\/wp-content\/uploads\/2023\/01\/mlanding-smp-370x800.jpg 370w, https:\/\/xplorator-adventures.com\/wp-content\/uploads\/2023\/01\/mlanding-smp-430x931.jpg 430w, https:\/\/xplorator-adventures.com\/wp-content\/uploads\/2023\/01\/mlanding-smp-150x325.jpg 150w, https:\/\/xplorator-adventures.com\/wp-content\/uploads\/2023\/01\/mlanding-smp-700x1515.jpg 700w, https:\/\/xplorator-adventures.com\/wp-content\/uploads\/2023\/01\/mlanding-smp-139x300.jpg 139w, https:\/\/xplorator-adventures.com\/wp-content\/uploads\/2023\/01\/mlanding-smp-768x1662.jpg 768w, https:\/\/xplorator-adventures.com\/wp-content\/uploads\/2023\/01\/mlanding-smp-710x1536.jpg 710w, https:\/\/xplorator-adventures.com\/wp-content\/uploads\/2023\/01\/mlanding-smp-946x2048.jpg 946w, https:\/\/xplorator-adventures.com\/wp-content\/uploads\/2023\/01\/mlanding-smp-860x1861.jpg 860w, https:\/\/xplorator-adventures.com\/wp-content\/uploads\/2023\/01\/mlanding-smp.jpg 1170w\" sizes=\"(max-width: 370px) 100vw, 370px\" \/>\t\t\t\t\t\t\t\t\t\t\t\t\t<\/div>\n\t\t\t\t<\/div>\n\t\t\t\t<div class=\"elementor-element elementor-element-b5832c5 elementor-tablet-align-center elementor-widget elementor-widget-button\" data-id=\"b5832c5\" data-element_type=\"widget\" data-widget_type=\"button.default\">\n\t\t\t\t<div class=\"elementor-widget-container\">\n\t\t\t\t\t\t\t<div class=\"elementor-button-wrapper\">\n\t\t\t\t\t<a class=\"elementor-button elementor-button-link elementor-size-sm\" href=\"https:\/\/xplorator-adventures.com\/ro\/\">\n\t\t\t\t\t\t<span class=\"elementor-button-content-wrapper\">\n\t\t\t\t\t\t\t\t\t<span class=\"elementor-button-text\">\u00cenapoi acas\u0103<\/span>\n\t\t\t\t\t<\/span>\n\t\t\t\t\t<\/a>\n\t\t\t\t<\/div>\n\t\t\t\t\t\t<\/div>\n\t\t\t\t<\/div>\n\t\t\t\t\t<\/div>\n\t\t<\/div>\n\t\t\t\t\t<\/div>\n\t\t<\/section>\n\t\t\t\t<\/div>\n\t\t","protected":false},"excerpt":{"rendered":"<p>\u00cenapoi acas\u0103 \u00cenapoi acas\u0103<\/p>\n","protected":false},"author":1,"featured_media":0,"parent":0,"menu_order":0,"comment_status":"closed","ping_status":"closed","template":"elementor_canvas","meta":{"inline_featured_image":false,"footnotes":""},"class_list":["post-13571","page","type-page","status-publish","hentry"],"_links":{"self":[{"href":"https:\/\/xplorator-adventures.com\/ro\/wp-json\/wp\/v2\/pages\/13571","targetHints":{"allow":["GET"]}}],"collection":[{"href":"https:\/\/xplorator-adventures.com\/ro\/wp-json\/wp\/v2\/pages"}],"about":[{"href":"https:\/\/xplorator-adventures.com\/ro\/wp-json\/wp\/v2\/types\/page"}],"author":[{"embeddable":true,"href":"https:\/\/xplorator-adventures.com\/ro\/wp-json\/wp\/v2\/users\/1"}],"replies":[{"embeddable":true,"href":"https:\/\/xplorator-adventures.com\/ro\/wp-json\/wp\/v2\/comments?post=13571"}],"version-history":[{"count":3,"href":"https:\/\/xplorator-adventures.com\/ro\/wp-json\/wp\/v2\/pages\/13571\/revisions"}],"predecessor-version":[{"id":13765,"href":"https:\/\/xplorator-adventures.com\/ro\/wp-json\/wp\/v2\/pages\/13571\/revisions\/13765"}],"wp:attachment":[{"href":"https:\/\/xplorator-adventures.com\/ro\/wp-json\/wp\/v2\/media?parent=13571"}],"curies":[{"name":"wp","href":"https:\/\/api.w.org\/{rel}","templated":true}]}}